{"id":188,"date":"2018-03-03T16:44:40","date_gmt":"2018-03-03T15:44:40","guid":{"rendered":"http:\/\/ania.bits4u.pl\/?page_id=188"},"modified":"2022-10-27T22:57:52","modified_gmt":"2022-10-27T20:57:52","slug":"kolonie","status":"publish","type":"page","link":"https:\/\/zameczeklagow.pl\/index.php\/kolonie\/","title":{"rendered":"Kolonie"},"content":{"rendered":"<div id=\"pl-188\"  class=\"panel-layout\" ><div id=\"pg-188-0\"  class=\"panel-grid panel-no-style\" ><div id=\"pgc-188-0-0\"  class=\"panel-grid-cell\" ><div id=\"panel-188-0-0-0\" class=\"so-panel widget widget_text panel-first-child\" data-index=\"0\" >\t\t\t<div class=\"textwidget\"><h1>Kolonie<\/h1>\n<p align=\"justify\"><span style=\"color: #000000;\"><span style=\"font-family: 'Times New Roman', serif;\"><span style=\"font-size: large;\">Od wielu lat na terenie MCS &#8222;Zameczek&#8221; organizowane s\u0105 kolonie i obozy dla dzieci i m\u0142odzie\u017cy, z kt\u00f3rych cz\u0119\u015b\u0107 jest finansowanych z bud\u017cetu pa\u0144stwa lub samorz\u0105d\u00f3w. Proponowane\u00a0 oferty wypoczynku dla dzieci i m\u0142odzie\u017cy\u00a0 maj\u0105\u00a0 r\u00f3\u017cny charakter, np.: wymiany mi\u0119dzynarodowe m\u0142odzie\u017cy, warsztaty historyczne, ekologiczne, profilaktyczne, sportowo-integracyjne, obywatelskie itp. O\u015brodek dysponuje do\u015bwiadczon\u0105 i wysoko wykwalifikowan\u0105 kadr\u0105 pedagogiczn\u0105 oraz ratownikami pilnuj\u0105cymi\u00a0 bezpiecze\u0144stwa wypoczywaj\u0105cych dzieci i m\u0142odzie\u017cy podczas pobytu nad wod\u0105. <\/span><\/span><\/span><\/p>\n<p>&nbsp;<\/p>\n<p>&nbsp;<\/p>\n<\/div>\n\t\t<\/div><div id=\"panel-188-0-0-1\" class=\"so-panel widget widget_bwp_gallery bwp_gallery panel-last-child\" data-index=\"1\" ><style id=\"bwg-style-0\">    #bwg_container1_0 #bwg_container2_0 .bwg-container-0.bwg-standard-thumbnails {\n      width: 1004px;\n              justify-content: center;\n        margin:0 auto !important;\n              background-color: rgba(255, 255, 255, 0.00);\n            padding-left: 4px;\n      padding-top: 4px;\n      max-width: 100%;\n            }\n        #bwg_container1_0 #bwg_container2_0 .bwg-container-0.bwg-standard-thumbnails .bwg-item {\n    justify-content: flex-start;\n      max-width: 200px;\n            width: 200px !important;\n          }\n    #bwg_container1_0 #bwg_container2_0 .bwg-container-0.bwg-standard-thumbnails .bwg-item a {\n       margin-right: 4px;\n       margin-bottom: 4px;\n    }\n    #bwg_container1_0 #bwg_container2_0 .bwg-container-0.bwg-standard-thumbnails .bwg-item0 {\n      padding: 0px;\n            background-color:rgba(255,255,255, 0.30);\n      border: 0px none #CCCCCC;\n      opacity: 1.00;\n      border-radius: 0;\n      box-shadow: 0px 0px 0px #888888;\n    }\n    #bwg_container1_0 #bwg_container2_0 .bwg-container-0.bwg-standard-thumbnails .bwg-item1 img {\n      max-height: none;\n      max-width: none;\n      padding: 0 !important;\n    }\n        @media only screen and (min-width: 480px) {\n      #bwg_container1_0 #bwg_container2_0 .bwg-container-0.bwg-standard-thumbnails .bwg-item0 {\n        transition: all 0.3s ease 0s;-webkit-transition: all 0.3s ease 0s;      }\n      #bwg_container1_0 #bwg_container2_0 .bwg-container-0.bwg-standard-thumbnails .bwg-item0:hover {\n        -ms-transform: scale(1.1);\n        -webkit-transform: scale(1.1);\n        transform: scale(1.1);\n      }\n    }\n          #bwg_container1_0 #bwg_container2_0 .bwg-container-0.bwg-standard-thumbnails .bwg-item1 {\n      padding-top: 75%;\n    }\n        #bwg_container1_0 #bwg_container2_0 .bwg-container-0.bwg-standard-thumbnails .bwg-title2,\n    #bwg_container1_0 #bwg_container2_0 .bwg-container-0.bwg-standard-thumbnails .bwg-ecommerce2 {\n      color: #CCCCCC;\n      font-family: segoe ui;\n      font-size: 16px;\n      font-weight: bold;\n      padding: 2px;\n      text-shadow: 0px 0px 0px #888888;\n      max-height: 100%;\n    }\n    #bwg_container1_0 #bwg_container2_0 .bwg-container-0.bwg-standard-thumbnails .bwg-thumb-description span {\n    color: #323A45;\n    font-family: Ubuntu;\n    font-size: 12px;\n    max-height: 100%;\n    word-wrap: break-word;\n    }\n    #bwg_container1_0 #bwg_container2_0 .bwg-container-0.bwg-standard-thumbnails .bwg-play-icon2 {\n      font-size: 32px;\n    }\n    #bwg_container1_0 #bwg_container2_0 .bwg-container-0.bwg-standard-thumbnails .bwg-ecommerce2 {\n      font-size: 19.2px;\n      color: #CCCCCC;\n    }\n    <\/style>\n    <div id=\"bwg_container1_0\"\n         class=\"bwg_container bwg_thumbnail bwg_thumbnails \"\n         data-right-click-protection=\"0\"\n         data-bwg=\"0\"\n         data-scroll=\"0\"\n         data-gallery-type=\"thumbnails\"\n         data-gallery-view-type=\"thumbnails\"\n         data-current-url=\"\/index.php\/wp-json\/wp\/v2\/pages\/188\"\n         data-lightbox-url=\"https:\/\/zameczeklagow.pl\/wp-admin\/admin-ajax.php?action=GalleryBox&#038;current_view=0&#038;gallery_id=5&#038;tag=0&#038;theme_id=1&#038;shortcode_id=0&#038;sort_by=casual&#038;order_by=ASC&#038;current_url=%2Findex.php%2Fwp-json%2Fwp%2Fv2%2Fpages%2F188\"\n         data-gallery-id=\"5\"\n         data-popup-width=\"800\"\n         data-popup-height=\"500\"\n         data-is-album=\"gallery\"\n         data-buttons-position=\"bottom\">\n      <div id=\"bwg_container2_0\">\n             <div id=\"ajax_loading_0\" class=\"bwg_loading_div_1\">\n      <div class=\"bwg_loading_div_2\">\n        <div class=\"bwg_loading_div_3\">\n          <div id=\"loading_div_0\" class=\"bwg_spider_ajax_loading\">\n          <\/div>\n        <\/div>\n      <\/div>\n    <\/div>\n            <form id=\"gal_front_form_0\"\n              class=\"bwg-hidden\"              method=\"post\"\n              action=\"#\"\n              data-current=\"0\"\n              data-shortcode-id=\"0\"\n              data-gallery-type=\"thumbnails\"\n              data-gallery-id=\"5\"\n              data-tag=\"0\"\n              data-album-id=\"0\"\n              data-theme-id=\"1\"\n              data-ajax-url=\"https:\/\/zameczeklagow.pl\/wp-admin\/admin-ajax.php?action=bwg_frontend_data\">\n          <div id=\"bwg_container3_0\" class=\"bwg-background bwg-background-0\">\n                <div data-max-count=\"5\"\n         data-thumbnail-width=\"200\"\n         data-bwg=\"0\"\n         data-gallery-id=\"5\"\n         data-lightbox-url=\"https:\/\/zameczeklagow.pl\/wp-admin\/admin-ajax.php?action=GalleryBox&amp;current_view=0&amp;gallery_id=5&amp;tag=0&amp;theme_id=1&amp;shortcode_id=0&amp;sort_by=casual&amp;order_by=ASC&amp;current_url=%2Findex.php%2Fwp-json%2Fwp%2Fv2%2Fpages%2F188\"\n         id=\"bwg_thumbnails_0\"\n         class=\"bwg-container-0 bwg-thumbnails bwg-standard-thumbnails bwg-container bwg-border-box\">\n            <div class=\"bwg-item\">\n        <a class=\"bwg-a  bwg_lightbox\"  data-image-id=\"95\" href=\"https:\/\/zameczeklagow.pl\/wp-content\/uploads\/photo-gallery\/imported_from_media_libray\/DSC_0140-1.jpg\" data-elementor-open-lightbox=\"no\">\n                <div class=\"bwg-item0 \">\n          <div class=\"bwg-item1 \">\n            <div class=\"bwg-item2\">\n              <img decoding=\"async\" class=\"skip-lazy bwg_standart_thumb_img_0 \"\n                   data-id=\"95\"\n                   data-width=\"\"\n                   data-height=\"\"\n                   data-src=\"https:\/\/zameczeklagow.pl\/wp-content\/uploads\/photo-gallery\/imported_from_media_libray\/thumb\/DSC_0140-1.jpg\"\n                   src=\"https:\/\/zameczeklagow.pl\/wp-content\/uploads\/photo-gallery\/imported_from_media_libray\/thumb\/DSC_0140-1.jpg\"\n                   alt=\"DSC_0140\"\n                   title=\"DSC_0140\" \/>\n            <\/div>\n            <div class=\"\">\n                                                      <\/div>\n          <\/div>\n        <\/div>\n                        <\/a>\n              <\/div>\n            <div class=\"bwg-item\">\n        <a class=\"bwg-a  bwg_lightbox\"  data-image-id=\"143\" href=\"https:\/\/zameczeklagow.pl\/wp-content\/uploads\/photo-gallery\/imported_from_media_libray\/Zajecia_z__pilki_noznej.jpg\" data-elementor-open-lightbox=\"no\">\n                <div class=\"bwg-item0 \">\n          <div class=\"bwg-item1 \">\n            <div class=\"bwg-item2\">\n              <img decoding=\"async\" class=\"skip-lazy bwg_standart_thumb_img_0 \"\n                   data-id=\"143\"\n                   data-width=\"\"\n                   data-height=\"\"\n                   data-src=\"https:\/\/zameczeklagow.pl\/wp-content\/uploads\/photo-gallery\/imported_from_media_libray\/thumb\/Zajecia_z__pilki_noznej.jpg\"\n                   src=\"https:\/\/zameczeklagow.pl\/wp-content\/uploads\/photo-gallery\/imported_from_media_libray\/thumb\/Zajecia_z__pilki_noznej.jpg\"\n                   alt=\"Zajecia z  pilki noznej\"\n                   title=\"Zajecia z  pilki noznej\" \/>\n            <\/div>\n            <div class=\"\">\n                                                      <\/div>\n          <\/div>\n        <\/div>\n                        <\/a>\n              <\/div>\n            <div class=\"bwg-item\">\n        <a class=\"bwg-a  bwg_lightbox\"  data-image-id=\"94\" href=\"https:\/\/zameczeklagow.pl\/wp-content\/uploads\/photo-gallery\/imported_from_media_libray\/Snapchat-359240407.jpg\" data-elementor-open-lightbox=\"no\">\n                <div class=\"bwg-item0 \">\n          <div class=\"bwg-item1 \">\n            <div class=\"bwg-item2\">\n              <img decoding=\"async\" class=\"skip-lazy bwg_standart_thumb_img_0 \"\n                   data-id=\"94\"\n                   data-width=\"\"\n                   data-height=\"\"\n                   data-src=\"https:\/\/zameczeklagow.pl\/wp-content\/uploads\/photo-gallery\/imported_from_media_libray\/thumb\/Snapchat-359240407.jpg\"\n                   src=\"https:\/\/zameczeklagow.pl\/wp-content\/uploads\/photo-gallery\/imported_from_media_libray\/thumb\/Snapchat-359240407.jpg\"\n                   alt=\"Snapchat-359240407\"\n                   title=\"Snapchat-359240407\" \/>\n            <\/div>\n            <div class=\"\">\n                                                      <\/div>\n          <\/div>\n        <\/div>\n                        <\/a>\n              <\/div>\n            <div class=\"bwg-item\">\n        <a class=\"bwg-a  bwg_lightbox\"  data-image-id=\"93\" href=\"https:\/\/zameczeklagow.pl\/wp-content\/uploads\/photo-gallery\/imported_from_media_libray\/DS_0138.jpg\" data-elementor-open-lightbox=\"no\">\n                <div class=\"bwg-item0 \">\n          <div class=\"bwg-item1 \">\n            <div class=\"bwg-item2\">\n              <img decoding=\"async\" class=\"skip-lazy bwg_standart_thumb_img_0 \"\n                   data-id=\"93\"\n                   data-width=\"\"\n                   data-height=\"\"\n                   data-src=\"https:\/\/zameczeklagow.pl\/wp-content\/uploads\/photo-gallery\/imported_from_media_libray\/thumb\/DS_0138.jpg\"\n                   src=\"https:\/\/zameczeklagow.pl\/wp-content\/uploads\/photo-gallery\/imported_from_media_libray\/thumb\/DS_0138.jpg\"\n                   alt=\"DS_0138\"\n                   title=\"DS_0138\" \/>\n            <\/div>\n            <div class=\"\">\n                                                      <\/div>\n          <\/div>\n        <\/div>\n                        <\/a>\n              <\/div>\n            <div class=\"bwg-item\">\n        <a class=\"bwg-a  bwg_lightbox\"  data-image-id=\"142\" href=\"https:\/\/zameczeklagow.pl\/wp-content\/uploads\/photo-gallery\/imported_from_media_libray\/Zajecia_z_tenisa_stolowego.jpg\" data-elementor-open-lightbox=\"no\">\n                <div class=\"bwg-item0 \">\n          <div class=\"bwg-item1 \">\n            <div class=\"bwg-item2\">\n              <img decoding=\"async\" class=\"skip-lazy bwg_standart_thumb_img_0 \"\n                   data-id=\"142\"\n                   data-width=\"\"\n                   data-height=\"\"\n                   data-src=\"https:\/\/zameczeklagow.pl\/wp-content\/uploads\/photo-gallery\/imported_from_media_libray\/thumb\/Zajecia_z_tenisa_stolowego.jpg\"\n                   src=\"https:\/\/zameczeklagow.pl\/wp-content\/uploads\/photo-gallery\/imported_from_media_libray\/thumb\/Zajecia_z_tenisa_stolowego.jpg\"\n                   alt=\"Zajecia z tenisa stolowego\"\n                   title=\"Zajecia z tenisa stolowego\" \/>\n            <\/div>\n            <div class=\"\">\n                                                      <\/div>\n          <\/div>\n        <\/div>\n                        <\/a>\n              <\/div>\n          <\/div>\n              <\/div>\n        <\/form>\n        <style>          #bwg_container1_0 #bwg_container2_0 #spider_popup_overlay_0 {\n          background-color: #000000;\n          opacity: 0.70;\n          }\n          <\/style>        <div id=\"bwg_spider_popup_loading_0\" class=\"bwg_spider_popup_loading\"><\/div>\n        <div id=\"spider_popup_overlay_0\" class=\"spider_popup_overlay\" onclick=\"spider_destroypopup(1000)\"><\/div>\n        <input type=\"hidden\" id=\"bwg_random_seed_0\" value=\"247628414\">\n                <\/div>\n    <\/div>\n    <script>\n      if (document.readyState === 'complete') {\n        if( typeof bwg_main_ready == 'function' ) {\n          if ( jQuery(\"#bwg_container1_0\").height() ) {\n            bwg_main_ready(jQuery(\"#bwg_container1_0\"));\n          }\n        }\n      } else {\n        document.addEventListener('DOMContentLoaded', function() {\n          if( typeof bwg_main_ready == 'function' ) {\n            if ( jQuery(\"#bwg_container1_0\").height() ) {\n             bwg_main_ready(jQuery(\"#bwg_container1_0\"));\n            }\n          }\n        });\n      }\n    <\/script>\n    <\/div><\/div><\/div><\/div>","protected":false},"excerpt":{"rendered":"<p>Kolonie Od wielu lat na terenie MCS &#8222;Zameczek&#8221; organizowane s\u0105 kolonie i obozy dla dzieci i m\u0142odzie\u017cy, z kt\u00f3rych cz\u0119\u015b\u0107 jest finansowanych z bud\u017cetu pa\u0144stwa lub samorz\u0105d\u00f3w. Proponowane\u00a0 oferty wypoczynku dla dzieci i m\u0142odzie\u017cy\u00a0 maj\u0105\u00a0<a class=\"read-more\" href=\"https:\/\/zameczeklagow.pl\/index.php\/kolonie\/\">Continue reading<\/a><\/p>\n","protected":false},"author":2,"featured_media":0,"parent":0,"menu_order":0,"comment_status":"closed","ping_status":"closed","template":"page-templates\/page_fullwidth.php","meta":{"footnotes":""},"class_list":["post-188","page","type-page","status-publish","hentry"],"_links":{"self":[{"href":"https:\/\/zameczeklagow.pl\/index.php\/wp-json\/wp\/v2\/pages\/188","targetHints":{"allow":["GET"]}}],"collection":[{"href":"https:\/\/zameczeklagow.pl\/index.php\/wp-json\/wp\/v2\/pages"}],"about":[{"href":"https:\/\/zameczeklagow.pl\/index.php\/wp-json\/wp\/v2\/types\/page"}],"author":[{"embeddable":true,"href":"https:\/\/zameczeklagow.pl\/index.php\/wp-json\/wp\/v2\/users\/2"}],"replies":[{"embeddable":true,"href":"https:\/\/zameczeklagow.pl\/index.php\/wp-json\/wp\/v2\/comments?post=188"}],"version-history":[{"count":47,"href":"https:\/\/zameczeklagow.pl\/index.php\/wp-json\/wp\/v2\/pages\/188\/revisions"}],"predecessor-version":[{"id":873,"href":"https:\/\/zameczeklagow.pl\/index.php\/wp-json\/wp\/v2\/pages\/188\/revisions\/873"}],"wp:attachment":[{"href":"https:\/\/zameczeklagow.pl\/index.php\/wp-json\/wp\/v2\/media?parent=188"}],"curies":[{"name":"wp","href":"https:\/\/api.w.org\/{rel}","templated":true}]}}