{"id":191,"date":"2018-03-03T16:44:57","date_gmt":"2018-03-03T15:44:57","guid":{"rendered":"http:\/\/ania.bits4u.pl\/?page_id=191"},"modified":"2022-10-27T23:38:01","modified_gmt":"2022-10-27T21:38:01","slug":"zielone-szkoly","status":"publish","type":"page","link":"https:\/\/zameczeklagow.pl\/index.php\/zielone-szkoly\/","title":{"rendered":"Zielone szko\u0142y"},"content":{"rendered":"<div id=\"pl-191\"  class=\"panel-layout\" ><div id=\"pg-191-0\"  class=\"panel-grid panel-no-style\" ><div id=\"pgc-191-0-0\"  class=\"panel-grid-cell\" ><div id=\"panel-191-0-0-0\" class=\"so-panel widget widget_text panel-first-child\" data-index=\"0\" >\t\t\t<div class=\"textwidget\"><h1>Zielone szko\u0142y<\/h1>\n<\/div>\n\t\t<\/div><div id=\"panel-191-0-0-1\" class=\"so-panel widget widget_text panel-last-child\" data-index=\"1\" >\t\t\t<div class=\"textwidget\"><p><span style=\"color: #000000;\"><span style=\"font-family: 'Times New Roman', serif;\"><span style=\"font-size: large;\">Zapraszamy do organizacji na naszym o\u015brodku\u00a0 &#8222;Zielonych Szk\u00f3\u0142&#8221; dla dzieci i m\u0142odzie\u017cy. Organizujemy r\u00f3wnie\u017c prywatne wyjazdy rekreacyjne dla m\u0142odzie\u017cy szkolnej. Obiekt jest dobrze przystosowany do tego rodzaju przedsi\u0119wzi\u0119\u0107 oraz posiada ponad 50-letnie do\u015bwiadczenia przy organizacji takich form pobytu.<\/span><\/span><\/span><\/p>\n<\/div>\n\t\t<\/div><\/div><\/div><div id=\"pg-191-1\"  class=\"panel-grid panel-no-style\" ><div id=\"pgc-191-1-0\"  class=\"panel-grid-cell\" ><div id=\"panel-191-1-0-0\" class=\"so-panel widget widget_bwp_gallery bwp_gallery panel-first-child panel-last-child\" data-index=\"2\" ><style id=\"bwg-style-0\">    #bwg_container1_0 #bwg_container2_0 .bwg-container-0.bwg-standard-thumbnails {\n      width: 604px;\n              justify-content: center;\n        margin:0 auto !important;\n              background-color: rgba(255, 255, 255, 0.00);\n            padding-left: 4px;\n      padding-top: 4px;\n      max-width: 100%;\n            }\n        #bwg_container1_0 #bwg_container2_0 .bwg-container-0.bwg-standard-thumbnails .bwg-item {\n    justify-content: flex-start;\n      max-width: 200px;\n            width: 200px !important;\n          }\n    #bwg_container1_0 #bwg_container2_0 .bwg-container-0.bwg-standard-thumbnails .bwg-item a {\n       margin-right: 4px;\n       margin-bottom: 4px;\n    }\n    #bwg_container1_0 #bwg_container2_0 .bwg-container-0.bwg-standard-thumbnails .bwg-item0 {\n      padding: 0px;\n            background-color:rgba(255,255,255, 0.30);\n      border: 0px none #CCCCCC;\n      opacity: 1.00;\n      border-radius: 0;\n      box-shadow: 0px 0px 0px #888888;\n    }\n    #bwg_container1_0 #bwg_container2_0 .bwg-container-0.bwg-standard-thumbnails .bwg-item1 img {\n      max-height: none;\n      max-width: none;\n      padding: 0 !important;\n    }\n        @media only screen and (min-width: 480px) {\n      #bwg_container1_0 #bwg_container2_0 .bwg-container-0.bwg-standard-thumbnails .bwg-item0 {\n        transition: all 0.3s ease 0s;-webkit-transition: all 0.3s ease 0s;      }\n      #bwg_container1_0 #bwg_container2_0 .bwg-container-0.bwg-standard-thumbnails .bwg-item0:hover {\n        -ms-transform: scale(1.1);\n        -webkit-transform: scale(1.1);\n        transform: scale(1.1);\n      }\n    }\n          #bwg_container1_0 #bwg_container2_0 .bwg-container-0.bwg-standard-thumbnails .bwg-item1 {\n      padding-top: 75%;\n    }\n        #bwg_container1_0 #bwg_container2_0 .bwg-container-0.bwg-standard-thumbnails .bwg-title2,\n    #bwg_container1_0 #bwg_container2_0 .bwg-container-0.bwg-standard-thumbnails .bwg-ecommerce2 {\n      color: #CCCCCC;\n      font-family: segoe ui;\n      font-size: 16px;\n      font-weight: bold;\n      padding: 2px;\n      text-shadow: 0px 0px 0px #888888;\n      max-height: 100%;\n    }\n    #bwg_container1_0 #bwg_container2_0 .bwg-container-0.bwg-standard-thumbnails .bwg-thumb-description span {\n    color: #323A45;\n    font-family: Ubuntu;\n    font-size: 12px;\n    max-height: 100%;\n    word-wrap: break-word;\n    }\n    #bwg_container1_0 #bwg_container2_0 .bwg-container-0.bwg-standard-thumbnails .bwg-play-icon2 {\n      font-size: 32px;\n    }\n    #bwg_container1_0 #bwg_container2_0 .bwg-container-0.bwg-standard-thumbnails .bwg-ecommerce2 {\n      font-size: 19.2px;\n      color: #CCCCCC;\n    }\n    <\/style>\n    <div id=\"bwg_container1_0\"\n         class=\"bwg_container bwg_thumbnail bwg_thumbnails \"\n         data-right-click-protection=\"0\"\n         data-bwg=\"0\"\n         data-scroll=\"0\"\n         data-gallery-type=\"thumbnails\"\n         data-gallery-view-type=\"thumbnails\"\n         data-current-url=\"\/index.php\/wp-json\/wp\/v2\/pages\/191\"\n         data-lightbox-url=\"https:\/\/zameczeklagow.pl\/wp-admin\/admin-ajax.php?action=GalleryBox&#038;current_view=0&#038;gallery_id=9&#038;tag=0&#038;theme_id=1&#038;shortcode_id=0&#038;sort_by=casual&#038;order_by=ASC&#038;current_url=%2Findex.php%2Fwp-json%2Fwp%2Fv2%2Fpages%2F191\"\n         data-gallery-id=\"9\"\n         data-popup-width=\"800\"\n         data-popup-height=\"500\"\n         data-is-album=\"gallery\"\n         data-buttons-position=\"bottom\">\n      <div id=\"bwg_container2_0\">\n             <div id=\"ajax_loading_0\" class=\"bwg_loading_div_1\">\n      <div class=\"bwg_loading_div_2\">\n        <div class=\"bwg_loading_div_3\">\n          <div id=\"loading_div_0\" class=\"bwg_spider_ajax_loading\">\n          <\/div>\n        <\/div>\n      <\/div>\n    <\/div>\n            <form id=\"gal_front_form_0\"\n              class=\"bwg-hidden\"              method=\"post\"\n              action=\"#\"\n              data-current=\"0\"\n              data-shortcode-id=\"0\"\n              data-gallery-type=\"thumbnails\"\n              data-gallery-id=\"9\"\n              data-tag=\"0\"\n              data-album-id=\"0\"\n              data-theme-id=\"1\"\n              data-ajax-url=\"https:\/\/zameczeklagow.pl\/wp-admin\/admin-ajax.php?action=bwg_frontend_data\">\n          <div id=\"bwg_container3_0\" class=\"bwg-background bwg-background-0\">\n                <div data-max-count=\"3\"\n         data-thumbnail-width=\"200\"\n         data-bwg=\"0\"\n         data-gallery-id=\"9\"\n         data-lightbox-url=\"https:\/\/zameczeklagow.pl\/wp-admin\/admin-ajax.php?action=GalleryBox&amp;current_view=0&amp;gallery_id=9&amp;tag=0&amp;theme_id=1&amp;shortcode_id=0&amp;sort_by=casual&amp;order_by=ASC&amp;current_url=%2Findex.php%2Fwp-json%2Fwp%2Fv2%2Fpages%2F191\"\n         id=\"bwg_thumbnails_0\"\n         class=\"bwg-container-0 bwg-thumbnails bwg-standard-thumbnails bwg-container bwg-border-box\">\n            <div class=\"bwg-item\">\n        <a class=\"bwg-a  bwg_lightbox\"  data-image-id=\"144\" href=\"https:\/\/zameczeklagow.pl\/wp-content\/uploads\/photo-gallery\/imported_from_media_libray\/297402153_3198058390458870_6386779053406580802_n.jpg\" data-elementor-open-lightbox=\"no\">\n                <div class=\"bwg-item0 \">\n          <div class=\"bwg-item1 \">\n            <div class=\"bwg-item2\">\n              <img decoding=\"async\" class=\"skip-lazy bwg_standart_thumb_img_0 \"\n                   data-id=\"144\"\n                   data-width=\"\"\n                   data-height=\"\"\n                   data-src=\"https:\/\/zameczeklagow.pl\/wp-content\/uploads\/photo-gallery\/imported_from_media_libray\/thumb\/297402153_3198058390458870_6386779053406580802_n.jpg\"\n                   src=\"https:\/\/zameczeklagow.pl\/wp-content\/uploads\/photo-gallery\/imported_from_media_libray\/thumb\/297402153_3198058390458870_6386779053406580802_n.jpg\"\n                   alt=\"297402153 3198058390458870 6386779053406580802 n\"\n                   title=\"297402153 3198058390458870 6386779053406580802 n\" \/>\n            <\/div>\n            <div class=\"\">\n                                                      <\/div>\n          <\/div>\n        <\/div>\n                        <\/a>\n              <\/div>\n            <div class=\"bwg-item\">\n        <a class=\"bwg-a  bwg_lightbox\"  data-image-id=\"145\" href=\"https:\/\/zameczeklagow.pl\/wp-content\/uploads\/photo-gallery\/imported_from_media_libray\/295138114_1437953983333911_953156123871536906_n.jpg\" data-elementor-open-lightbox=\"no\">\n                <div class=\"bwg-item0 \">\n          <div class=\"bwg-item1 \">\n            <div class=\"bwg-item2\">\n              <img decoding=\"async\" class=\"skip-lazy bwg_standart_thumb_img_0 \"\n                   data-id=\"145\"\n                   data-width=\"\"\n                   data-height=\"\"\n                   data-src=\"https:\/\/zameczeklagow.pl\/wp-content\/uploads\/photo-gallery\/imported_from_media_libray\/thumb\/295138114_1437953983333911_953156123871536906_n.jpg\"\n                   src=\"https:\/\/zameczeklagow.pl\/wp-content\/uploads\/photo-gallery\/imported_from_media_libray\/thumb\/295138114_1437953983333911_953156123871536906_n.jpg\"\n                   alt=\"295138114 1437953983333911 953156123871536906 n\"\n                   title=\"295138114 1437953983333911 953156123871536906 n\" \/>\n            <\/div>\n            <div class=\"\">\n                                                      <\/div>\n          <\/div>\n        <\/div>\n                        <\/a>\n              <\/div>\n            <div class=\"bwg-item\">\n        <a class=\"bwg-a  bwg_lightbox\"  data-image-id=\"146\" href=\"https:\/\/zameczeklagow.pl\/wp-content\/uploads\/photo-gallery\/imported_from_media_libray\/297226973_447513893947071_2034289700105046480_n.jpg\" data-elementor-open-lightbox=\"no\">\n                <div class=\"bwg-item0 \">\n          <div class=\"bwg-item1 \">\n            <div class=\"bwg-item2\">\n              <img decoding=\"async\" class=\"skip-lazy bwg_standart_thumb_img_0 \"\n                   data-id=\"146\"\n                   data-width=\"\"\n                   data-height=\"\"\n                   data-src=\"https:\/\/zameczeklagow.pl\/wp-content\/uploads\/photo-gallery\/imported_from_media_libray\/thumb\/297226973_447513893947071_2034289700105046480_n.jpg\"\n                   src=\"https:\/\/zameczeklagow.pl\/wp-content\/uploads\/photo-gallery\/imported_from_media_libray\/thumb\/297226973_447513893947071_2034289700105046480_n.jpg\"\n                   alt=\"297226973 447513893947071 2034289700105046480 n\"\n                   title=\"297226973 447513893947071 2034289700105046480 n\" \/>\n            <\/div>\n            <div class=\"\">\n                                                      <\/div>\n          <\/div>\n        <\/div>\n                        <\/a>\n              <\/div>\n          <\/div>\n              <\/div>\n        <\/form>\n        <style>          #bwg_container1_0 #bwg_container2_0 #spider_popup_overlay_0 {\n          background-color: #000000;\n          opacity: 0.70;\n          }\n          <\/style>        <div id=\"bwg_spider_popup_loading_0\" class=\"bwg_spider_popup_loading\"><\/div>\n        <div id=\"spider_popup_overlay_0\" class=\"spider_popup_overlay\" onclick=\"spider_destroypopup(1000)\"><\/div>\n        <input type=\"hidden\" id=\"bwg_random_seed_0\" value=\"589985642\">\n                <\/div>\n    <\/div>\n    <script>\n      if (document.readyState === 'complete') {\n        if( typeof bwg_main_ready == 'function' ) {\n          if ( jQuery(\"#bwg_container1_0\").height() ) {\n            bwg_main_ready(jQuery(\"#bwg_container1_0\"));\n          }\n        }\n      } else {\n        document.addEventListener('DOMContentLoaded', function() {\n          if( typeof bwg_main_ready == 'function' ) {\n            if ( jQuery(\"#bwg_container1_0\").height() ) {\n             bwg_main_ready(jQuery(\"#bwg_container1_0\"));\n            }\n          }\n        });\n      }\n    <\/script>\n    <\/div><\/div><\/div><\/div>","protected":false},"excerpt":{"rendered":"<p>Zielone szko\u0142y Zapraszamy do organizacji na naszym o\u015brodku\u00a0 &#8222;Zielonych Szk\u00f3\u0142&#8221; dla dzieci i m\u0142odzie\u017cy. Organizujemy r\u00f3wnie\u017c prywatne wyjazdy rekreacyjne dla m\u0142odzie\u017cy szkolnej. Obiekt jest dobrze przystosowany do tego rodzaju przedsi\u0119wzi\u0119\u0107 oraz posiada ponad 50-letnie do\u015bwiadczenia<a class=\"read-more\" href=\"https:\/\/zameczeklagow.pl\/index.php\/zielone-szkoly\/\">Continue reading<\/a><\/p>\n","protected":false},"author":2,"featured_media":0,"parent":0,"menu_order":0,"comment_status":"closed","ping_status":"closed","template":"page-templates\/page_fullwidth.php","meta":{"footnotes":""},"class_list":["post-191","page","type-page","status-publish","hentry"],"_links":{"self":[{"href":"https:\/\/zameczeklagow.pl\/index.php\/wp-json\/wp\/v2\/pages\/191","targetHints":{"allow":["GET"]}}],"collection":[{"href":"https:\/\/zameczeklagow.pl\/index.php\/wp-json\/wp\/v2\/pages"}],"about":[{"href":"https:\/\/zameczeklagow.pl\/index.php\/wp-json\/wp\/v2\/types\/page"}],"author":[{"embeddable":true,"href":"https:\/\/zameczeklagow.pl\/index.php\/wp-json\/wp\/v2\/users\/2"}],"replies":[{"embeddable":true,"href":"https:\/\/zameczeklagow.pl\/index.php\/wp-json\/wp\/v2\/comments?post=191"}],"version-history":[{"count":14,"href":"https:\/\/zameczeklagow.pl\/index.php\/wp-json\/wp\/v2\/pages\/191\/revisions"}],"predecessor-version":[{"id":888,"href":"https:\/\/zameczeklagow.pl\/index.php\/wp-json\/wp\/v2\/pages\/191\/revisions\/888"}],"wp:attachment":[{"href":"https:\/\/zameczeklagow.pl\/index.php\/wp-json\/wp\/v2\/media?parent=191"}],"curies":[{"name":"wp","href":"https:\/\/api.w.org\/{rel}","templated":true}]}}