{"id":193,"date":"2018-03-03T16:45:19","date_gmt":"2018-03-03T15:45:19","guid":{"rendered":"http:\/\/ania.bits4u.pl\/?page_id=193"},"modified":"2018-05-22T13:52:13","modified_gmt":"2018-05-22T11:52:13","slug":"imprezy-okolicznosciowe","status":"publish","type":"page","link":"https:\/\/zameczeklagow.pl\/index.php\/imprezy-okolicznosciowe\/","title":{"rendered":"Imprezy okoliczno\u015bciowe"},"content":{"rendered":"<div id=\"pl-193\"  class=\"panel-layout\" ><div id=\"pg-193-0\"  class=\"panel-grid panel-no-style\" ><div id=\"pgc-193-0-0\"  class=\"panel-grid-cell\" ><div id=\"panel-193-0-0-0\" class=\"so-panel widget widget_text panel-first-child panel-last-child\" data-index=\"0\" >\t\t\t<div class=\"textwidget\"><div class=\"nh_extra\">\n<div id=\"gwpcf1da4c7\">\n<div id=\"gwpcf1da4c7h\">\n<div class=\"gwpcf1da4c7b\" data-message-body=\"true\">\n<div class=\"gwpcf1da4c7_gmail_extra\">\n<div class=\"gwpcf1da4c7_gmail_quote\">\n<div class=\"gwpcf1da4c7_HOEnZb\">\n<div class=\"gwpcf1da4c7_h5\">\n<div class=\"gwpcf1da4c7_gmail_extra\">\n<div class=\"gwpcf1da4c7_gmail_quote\">\n<div dir=\"ltr\">\n<div>\n<h1>Imprezy okoliczno\u015bciowe<\/h1>\n<\/div>\n<div><\/div>\n<\/div>\n<\/div>\n<\/div>\n<\/div>\n<\/div>\n<\/div>\n<\/div>\n<\/div>\n<\/div>\n<\/div>\n<\/div>\n<\/div>\n\t\t<\/div><\/div><\/div><div id=\"pg-193-1\"  class=\"panel-grid panel-no-style\" ><div id=\"pgc-193-1-0\"  class=\"panel-grid-cell\" ><div id=\"panel-193-1-0-0\" class=\"so-panel widget widget_text panel-first-child panel-last-child\" data-index=\"1\" >\t\t\t<div class=\"textwidget\"><p><span style=\"color: #000000;\"><span style=\"font-family: 'Times New Roman', serif;\"><span style=\"font-size: large;\">O\u015brodek pozwala na zorganizowanie na jego terenie wielu imprez, takich jak: andrzejki, miko\u0142ajki, wesela, komunie, urodziny, imieniny, jubileusze itd. Obiekt do tych cel\u00f3w posiada sto\u0142\u00f3wk\u0119, bar, salk\u0119 dyskotekow\u0105 i taras. Mo\u017cliwe jest r\u00f3wnie\u017c zorganizowanie jednego z wcze\u015bniej wymienionych przedsi\u0119wzi\u0119\u0107 razem z noclegiem. Dyrekcja o\u015brodka zach\u0119c\u0105 do rezerwacji tych imprez, tym bardziej, \u017ce posiadamy najlepsz\u0105 ofert\u0119 w ca\u0142ym \u0141agowie, a nawet w jego okolicach.\u00a0<\/span><\/span><\/span><\/p>\n<p>&nbsp;<\/p>\n<\/div>\n\t\t<\/div><\/div><div id=\"pgc-193-1-1\"  class=\"panel-grid-cell\" ><div id=\"panel-193-1-1-0\" class=\"so-panel widget widget_media_image panel-first-child panel-last-child\" data-index=\"2\" ><img loading=\"lazy\" decoding=\"async\" width=\"300\" height=\"200\" src=\"https:\/\/zameczeklagow.pl\/wp-content\/uploads\/2018\/03\/DSC_0642-300x200.jpg\" class=\"image wp-image-260  attachment-medium size-medium\" alt=\"\" style=\"max-width: 100%; height: auto;\" srcset=\"https:\/\/zameczeklagow.pl\/wp-content\/uploads\/2018\/03\/DSC_0642-300x200.jpg 300w, https:\/\/zameczeklagow.pl\/wp-content\/uploads\/2018\/03\/DSC_0642-768x512.jpg 768w, https:\/\/zameczeklagow.pl\/wp-content\/uploads\/2018\/03\/DSC_0642-1024x683.jpg 1024w, https:\/\/zameczeklagow.pl\/wp-content\/uploads\/2018\/03\/DSC_0642-390x260.jpg 390w, https:\/\/zameczeklagow.pl\/wp-content\/uploads\/2018\/03\/DSC_0642-520x347.jpg 520w, https:\/\/zameczeklagow.pl\/wp-content\/uploads\/2018\/03\/DSC_0642-740x493.jpg 740w, https:\/\/zameczeklagow.pl\/wp-content\/uploads\/2018\/03\/DSC_0642-272x182.jpg 272w\" sizes=\"auto, (max-width: 300px) 100vw, 300px\" \/><\/div><\/div><\/div><div id=\"pg-193-2\"  class=\"panel-grid panel-no-style\" ><div id=\"pgc-193-2-0\"  class=\"panel-grid-cell\" ><div id=\"panel-193-2-0-0\" class=\"so-panel widget widget_media_image panel-first-child panel-last-child\" data-index=\"3\" ><img loading=\"lazy\" decoding=\"async\" width=\"1024\" height=\"576\" src=\"https:\/\/zameczeklagow.pl\/wp-content\/uploads\/2018\/05\/20180505_124805-1024x576.jpg\" class=\"image wp-image-516  attachment-large size-large\" alt=\"\" style=\"max-width: 100%; height: auto;\" srcset=\"https:\/\/zameczeklagow.pl\/wp-content\/uploads\/2018\/05\/20180505_124805-1024x576.jpg 1024w, https:\/\/zameczeklagow.pl\/wp-content\/uploads\/2018\/05\/20180505_124805-300x169.jpg 300w, https:\/\/zameczeklagow.pl\/wp-content\/uploads\/2018\/05\/20180505_124805-768x432.jpg 768w, https:\/\/zameczeklagow.pl\/wp-content\/uploads\/2018\/05\/20180505_124805-520x293.jpg 520w, https:\/\/zameczeklagow.pl\/wp-content\/uploads\/2018\/05\/20180505_124805-740x416.jpg 740w\" sizes=\"auto, (max-width: 1024px) 100vw, 1024px\" \/><\/div><\/div><div id=\"pgc-193-2-1\"  class=\"panel-grid-cell\" ><div id=\"panel-193-2-1-0\" class=\"so-panel widget widget_media_image panel-first-child panel-last-child\" data-index=\"4\" ><img loading=\"lazy\" decoding=\"async\" width=\"300\" height=\"225\" src=\"https:\/\/zameczeklagow.pl\/wp-content\/uploads\/2018\/03\/beznazwy-300x225.png\" class=\"image wp-image-289  attachment-medium size-medium\" alt=\"\" style=\"max-width: 100%; height: auto;\" srcset=\"https:\/\/zameczeklagow.pl\/wp-content\/uploads\/2018\/03\/beznazwy-300x225.png 300w, https:\/\/zameczeklagow.pl\/wp-content\/uploads\/2018\/03\/beznazwy-768x576.png 768w, https:\/\/zameczeklagow.pl\/wp-content\/uploads\/2018\/03\/beznazwy.png 1024w, https:\/\/zameczeklagow.pl\/wp-content\/uploads\/2018\/03\/beznazwy-520x390.png 520w, https:\/\/zameczeklagow.pl\/wp-content\/uploads\/2018\/03\/beznazwy-740x555.png 740w\" sizes=\"auto, (max-width: 300px) 100vw, 300px\" \/><\/div><\/div><div id=\"pgc-193-2-2\"  class=\"panel-grid-cell\" ><div id=\"panel-193-2-2-0\" class=\"so-panel widget widget_media_image panel-first-child panel-last-child\" data-index=\"5\" ><img loading=\"lazy\" decoding=\"async\" width=\"300\" height=\"225\" src=\"https:\/\/zameczeklagow.pl\/wp-content\/uploads\/2018\/03\/gal3-2-300x225.jpg\" class=\"image wp-image-290  attachment-medium size-medium\" alt=\"\" style=\"max-width: 100%; height: auto;\" srcset=\"https:\/\/zameczeklagow.pl\/wp-content\/uploads\/2018\/03\/gal3-2-300x225.jpg 300w, https:\/\/zameczeklagow.pl\/wp-content\/uploads\/2018\/03\/gal3-2-768x576.jpg 768w, https:\/\/zameczeklagow.pl\/wp-content\/uploads\/2018\/03\/gal3-2.jpg 1024w, https:\/\/zameczeklagow.pl\/wp-content\/uploads\/2018\/03\/gal3-2-520x390.jpg 520w, https:\/\/zameczeklagow.pl\/wp-content\/uploads\/2018\/03\/gal3-2-740x555.jpg 740w\" sizes=\"auto, (max-width: 300px) 100vw, 300px\" \/><\/div><\/div><\/div><\/div>","protected":false},"excerpt":{"rendered":"<p>Imprezy okoliczno\u015bciowe O\u015brodek pozwala na zorganizowanie na jego terenie wielu imprez, takich jak: andrzejki, miko\u0142ajki, wesela, komunie, urodziny, imieniny, jubileusze itd. Obiekt do tych cel\u00f3w posiada sto\u0142\u00f3wk\u0119, bar, salk\u0119 dyskotekow\u0105 i taras. Mo\u017cliwe jest r\u00f3wnie\u017c<a class=\"read-more\" href=\"https:\/\/zameczeklagow.pl\/index.php\/imprezy-okolicznosciowe\/\">Continue reading<\/a><\/p>\n","protected":false},"author":2,"featured_media":0,"parent":0,"menu_order":0,"comment_status":"closed","ping_status":"closed","template":"page-templates\/page_fullwidth.php","meta":{"footnotes":""},"class_list":["post-193","page","type-page","status-publish","hentry"],"_links":{"self":[{"href":"https:\/\/zameczeklagow.pl\/index.php\/wp-json\/wp\/v2\/pages\/193","targetHints":{"allow":["GET"]}}],"collection":[{"href":"https:\/\/zameczeklagow.pl\/index.php\/wp-json\/wp\/v2\/pages"}],"about":[{"href":"https:\/\/zameczeklagow.pl\/index.php\/wp-json\/wp\/v2\/types\/page"}],"author":[{"embeddable":true,"href":"https:\/\/zameczeklagow.pl\/index.php\/wp-json\/wp\/v2\/users\/2"}],"replies":[{"embeddable":true,"href":"https:\/\/zameczeklagow.pl\/index.php\/wp-json\/wp\/v2\/comments?post=193"}],"version-history":[{"count":23,"href":"https:\/\/zameczeklagow.pl\/index.php\/wp-json\/wp\/v2\/pages\/193\/revisions"}],"predecessor-version":[{"id":676,"href":"https:\/\/zameczeklagow.pl\/index.php\/wp-json\/wp\/v2\/pages\/193\/revisions\/676"}],"wp:attachment":[{"href":"https:\/\/zameczeklagow.pl\/index.php\/wp-json\/wp\/v2\/media?parent=193"}],"curies":[{"name":"wp","href":"https:\/\/api.w.org\/{rel}","templated":true}]}}