{"id":198,"date":"2018-03-03T16:48:44","date_gmt":"2018-03-03T15:48:44","guid":{"rendered":"http:\/\/ania.bits4u.pl\/?page_id=198"},"modified":"2022-10-27T23:03:03","modified_gmt":"2022-10-27T21:03:03","slug":"pole-namiotowe","status":"publish","type":"page","link":"https:\/\/zameczeklagow.pl\/index.php\/pole-namiotowe\/","title":{"rendered":"Pole namiotowe"},"content":{"rendered":"<div id=\"pl-198\"  class=\"panel-layout\" ><div id=\"pg-198-0\"  class=\"panel-grid panel-no-style\" ><div id=\"pgc-198-0-0\"  class=\"panel-grid-cell panel-grid-cell-mobile-last\" ><div id=\"panel-198-0-0-0\" class=\"so-panel widget widget_sow-editor panel-first-child panel-last-child\" data-index=\"0\" ><div\n\t\t\t\n\t\t\tclass=\"so-widget-sow-editor so-widget-sow-editor-base\"\n\t\t\t\n\t\t>\n<div class=\"siteorigin-widget-tinymce textwidget\">\n\t<h1>Pole namiotowe<\/h1>\n<\/div>\n<\/div><\/div><\/div><div id=\"pgc-198-0-1\"  class=\"panel-grid-cell panel-grid-cell-empty\" ><\/div><\/div><div id=\"pg-198-1\"  class=\"panel-grid panel-no-style\" ><div id=\"pgc-198-1-0\"  class=\"panel-grid-cell\" ><div id=\"panel-198-1-0-0\" class=\"so-panel widget widget_media_image panel-first-child panel-last-child\" data-index=\"1\" ><img loading=\"lazy\" decoding=\"async\" width=\"300\" height=\"200\" src=\"https:\/\/zameczeklagow.pl\/wp-content\/uploads\/2022\/10\/DSC03788-300x200.jpg\" class=\"image wp-image-850  attachment-medium size-medium\" alt=\"\" style=\"max-width: 100%; height: auto;\" srcset=\"https:\/\/zameczeklagow.pl\/wp-content\/uploads\/2022\/10\/DSC03788-300x200.jpg 300w, https:\/\/zameczeklagow.pl\/wp-content\/uploads\/2022\/10\/DSC03788-768x512.jpg 768w, https:\/\/zameczeklagow.pl\/wp-content\/uploads\/2022\/10\/DSC03788-1024x683.jpg 1024w, https:\/\/zameczeklagow.pl\/wp-content\/uploads\/2022\/10\/DSC03788-390x260.jpg 390w, https:\/\/zameczeklagow.pl\/wp-content\/uploads\/2022\/10\/DSC03788-520x347.jpg 520w, https:\/\/zameczeklagow.pl\/wp-content\/uploads\/2022\/10\/DSC03788-740x493.jpg 740w, https:\/\/zameczeklagow.pl\/wp-content\/uploads\/2022\/10\/DSC03788-272x182.jpg 272w\" sizes=\"auto, (max-width: 300px) 100vw, 300px\" \/><\/div><\/div><div id=\"pgc-198-1-1\"  class=\"panel-grid-cell\" ><div id=\"panel-198-1-1-0\" class=\"so-panel widget widget_sow-editor panel-first-child panel-last-child\" data-index=\"2\" ><div\n\t\t\t\n\t\t\tclass=\"so-widget-sow-editor so-widget-sow-editor-base\"\n\t\t\t\n\t\t>\n<div class=\"siteorigin-widget-tinymce textwidget\">\n\t<p style=\"text-align: left;\"><span style=\"color: #000000;\"><span style=\"font-family: 'Times New Roman', serif;\"><span style=\"font-size: large;\">O\u015brodek posiada w\u0142asne pole namiotowe, kt\u00f3re od wielu lat jest wykorzystywane przez turyst\u00f3w. Jest ono w stanie pomie\u015bci\u0107 do kilkuset os\u00f3b. Jest to jedyny tego rodzaju wydzielony teren w \u0141agowie s\u0142u\u017c\u0105cy do tego rodzaju uprawiania rekreacji oraz sp\u0119dzania czasu wolnego. O\u015brodek opr\u00f3cz udost\u0119pnienia miejsca namiotowego daje mo\u017cliwo\u015b\u0107 skorzystania z w\u0119z\u0142a sanitarnego mieszcz\u0105cego si\u0119 na o\u015brodku.<\/span><\/span><\/span><\/p>\n<\/div>\n<\/div><\/div><\/div><\/div><\/div>","protected":false},"excerpt":{"rendered":"<p>Pole namiotowe O\u015brodek posiada w\u0142asne pole namiotowe, kt\u00f3re od wielu lat jest wykorzystywane przez turyst\u00f3w. Jest ono w stanie pomie\u015bci\u0107 do kilkuset os\u00f3b. Jest to jedyny tego rodzaju wydzielony teren w \u0141agowie s\u0142u\u017c\u0105cy do tego<a class=\"read-more\" href=\"https:\/\/zameczeklagow.pl\/index.php\/pole-namiotowe\/\">Continue reading<\/a><\/p>\n","protected":false},"author":2,"featured_media":0,"parent":0,"menu_order":0,"comment_status":"closed","ping_status":"closed","template":"page-templates\/page_fullwidth.php","meta":{"footnotes":""},"class_list":["post-198","page","type-page","status-publish","hentry"],"_links":{"self":[{"href":"https:\/\/zameczeklagow.pl\/index.php\/wp-json\/wp\/v2\/pages\/198","targetHints":{"allow":["GET"]}}],"collection":[{"href":"https:\/\/zameczeklagow.pl\/index.php\/wp-json\/wp\/v2\/pages"}],"about":[{"href":"https:\/\/zameczeklagow.pl\/index.php\/wp-json\/wp\/v2\/types\/page"}],"author":[{"embeddable":true,"href":"https:\/\/zameczeklagow.pl\/index.php\/wp-json\/wp\/v2\/users\/2"}],"replies":[{"embeddable":true,"href":"https:\/\/zameczeklagow.pl\/index.php\/wp-json\/wp\/v2\/comments?post=198"}],"version-history":[{"count":23,"href":"https:\/\/zameczeklagow.pl\/index.php\/wp-json\/wp\/v2\/pages\/198\/revisions"}],"predecessor-version":[{"id":877,"href":"https:\/\/zameczeklagow.pl\/index.php\/wp-json\/wp\/v2\/pages\/198\/revisions\/877"}],"wp:attachment":[{"href":"https:\/\/zameczeklagow.pl\/index.php\/wp-json\/wp\/v2\/media?parent=198"}],"curies":[{"name":"wp","href":"https:\/\/api.w.org\/{rel}","templated":true}]}}