{"id":202,"date":"2018-03-03T16:57:43","date_gmt":"2018-03-03T15:57:43","guid":{"rendered":"http:\/\/ania.bits4u.pl\/?page_id=202"},"modified":"2020-03-28T16:57:19","modified_gmt":"2020-03-28T15:57:19","slug":"wyzywienie","status":"publish","type":"page","link":"https:\/\/zameczeklagow.pl\/index.php\/wyzywienie\/","title":{"rendered":"Wy\u017cywienie"},"content":{"rendered":"<div id=\"pl-202\"  class=\"panel-layout\" ><div id=\"pg-202-0\"  class=\"panel-grid panel-no-style\" ><div id=\"pgc-202-0-0\"  class=\"panel-grid-cell\" ><div id=\"panel-202-0-0-0\" class=\"so-panel widget widget_text panel-first-child\" data-index=\"0\" >\t\t\t<div class=\"textwidget\"><div class=\"nh_extra\">\n<div id=\"gwpcf1da4c7\">\n<div id=\"gwpcf1da4c7h\">\n<div class=\"gwpcf1da4c7b\" data-message-body=\"true\">\n<div class=\"gwpcf1da4c7_gmail_extra\">\n<div class=\"gwpcf1da4c7_gmail_quote\">\n<div class=\"gwpcf1da4c7_HOEnZb\">\n<div class=\"gwpcf1da4c7_h5\">\n<div class=\"gwpcf1da4c7_gmail_extra\">\n<div class=\"gwpcf1da4c7_gmail_quote\">\n<div dir=\"ltr\">\n<div>\n<h1>Wy\u017cywienie<\/h1>\n<\/div>\n<div>\n<\/div>\n\t\t<\/div><div id=\"panel-202-0-0-1\" class=\"so-panel widget widget_text panel-last-child\" data-index=\"1\" >\t\t\t<div class=\"textwidget\"><p><span style=\"color: #000000; font-family: 'Times New Roman', serif; font-size: large;\">Na o\u015brodku MCS &#8222;Zameczek&#8221; istnieje mo\u017cliwo\u015b\u0107 wykupienia pe\u0142nego pakietu \u017cywieniowego (\u015bniadanie, obiad dwudaniowy, kolacja). Nasza kuchnia oferuje bardzo dobre domowe posi\u0142ki przez ca\u0142y dzie\u0144 w przyst\u0119pnej cenie, kt\u00f3r\u0105 trudno znale\u017a\u0107 w turystycznej miejscowo\u015bci, jak\u0105 jest \u0141ag\u00f3w.<\/span><\/p>\n<p>&nbsp;<\/p>\n<p>&nbsp;<\/p>\n<\/div>\n\t\t<\/div><\/div><\/div><div id=\"pg-202-1\"  class=\"panel-grid panel-no-style\" ><div id=\"pgc-202-1-0\"  class=\"panel-grid-cell panel-grid-cell-empty\" ><\/div><div id=\"pgc-202-1-1\"  class=\"panel-grid-cell\" ><div id=\"panel-202-1-1-0\" class=\"so-panel widget widget_media_image panel-first-child panel-last-child\" data-index=\"2\" ><div class=\"panel-widget-style panel-widget-style-for-202-1-1-0\" ><img loading=\"lazy\" decoding=\"async\" width=\"225\" height=\"205\" src=\"https:\/\/zameczeklagow.pl\/wp-content\/uploads\/2018\/03\/Fotolia_30539380_XS-300x274.jpg\" class=\"image wp-image-227  attachment-225x205 size-225x205\" alt=\"\" style=\"max-width: 100%; height: auto;\" srcset=\"https:\/\/zameczeklagow.pl\/wp-content\/uploads\/2018\/03\/Fotolia_30539380_XS-300x274.jpg 300w, https:\/\/zameczeklagow.pl\/wp-content\/uploads\/2018\/03\/Fotolia_30539380_XS.jpg 363w\" sizes=\"auto, (max-width: 225px) 100vw, 225px\" \/><\/div><\/div><\/div><div id=\"pgc-202-1-2\"  class=\"panel-grid-cell panel-grid-cell-empty\" ><\/div><div id=\"pgc-202-1-3\"  class=\"panel-grid-cell panel-grid-cell-mobile-last\" ><div id=\"panel-202-1-3-0\" class=\"so-panel widget widget_media_image panel-first-child panel-last-child\" data-index=\"3\" ><img loading=\"lazy\" decoding=\"async\" width=\"300\" height=\"200\" src=\"https:\/\/zameczeklagow.pl\/wp-content\/uploads\/2018\/03\/chleb-300x200.jpg\" class=\"image wp-image-239  attachment-medium size-medium\" alt=\"\" style=\"max-width: 100%; height: auto;\" srcset=\"https:\/\/zameczeklagow.pl\/wp-content\/uploads\/2018\/03\/chleb-300x200.jpg 300w, https:\/\/zameczeklagow.pl\/wp-content\/uploads\/2018\/03\/chleb-390x260.jpg 390w, https:\/\/zameczeklagow.pl\/wp-content\/uploads\/2018\/03\/chleb-520x346.jpg 520w, https:\/\/zameczeklagow.pl\/wp-content\/uploads\/2018\/03\/chleb-272x182.jpg 272w, https:\/\/zameczeklagow.pl\/wp-content\/uploads\/2018\/03\/chleb.jpg 644w\" sizes=\"auto, (max-width: 300px) 100vw, 300px\" \/><\/div><\/div><div id=\"pgc-202-1-4\"  class=\"panel-grid-cell panel-grid-cell-empty\" ><\/div><\/div><\/div>","protected":false},"excerpt":{"rendered":"<p>Wy\u017cywienie Na o\u015brodku MCS &#8222;Zameczek&#8221; istnieje mo\u017cliwo\u015b\u0107 wykupienia pe\u0142nego pakietu \u017cywieniowego (\u015bniadanie, obiad dwudaniowy, kolacja). Nasza kuchnia oferuje bardzo dobre domowe posi\u0142ki przez ca\u0142y dzie\u0144 w przyst\u0119pnej cenie, kt\u00f3r\u0105 trudno znale\u017a\u0107 w turystycznej miejscowo\u015bci, jak\u0105<a class=\"read-more\" href=\"https:\/\/zameczeklagow.pl\/index.php\/wyzywienie\/\">Continue reading<\/a><\/p>\n","protected":false},"author":2,"featured_media":0,"parent":0,"menu_order":0,"comment_status":"closed","ping_status":"closed","template":"page-templates\/page_fullwidth.php","meta":{"footnotes":""},"class_list":["post-202","page","type-page","status-publish","hentry"],"_links":{"self":[{"href":"https:\/\/zameczeklagow.pl\/index.php\/wp-json\/wp\/v2\/pages\/202","targetHints":{"allow":["GET"]}}],"collection":[{"href":"https:\/\/zameczeklagow.pl\/index.php\/wp-json\/wp\/v2\/pages"}],"about":[{"href":"https:\/\/zameczeklagow.pl\/index.php\/wp-json\/wp\/v2\/types\/page"}],"author":[{"embeddable":true,"href":"https:\/\/zameczeklagow.pl\/index.php\/wp-json\/wp\/v2\/users\/2"}],"replies":[{"embeddable":true,"href":"https:\/\/zameczeklagow.pl\/index.php\/wp-json\/wp\/v2\/comments?post=202"}],"version-history":[{"count":39,"href":"https:\/\/zameczeklagow.pl\/index.php\/wp-json\/wp\/v2\/pages\/202\/revisions"}],"predecessor-version":[{"id":807,"href":"https:\/\/zameczeklagow.pl\/index.php\/wp-json\/wp\/v2\/pages\/202\/revisions\/807"}],"wp:attachment":[{"href":"https:\/\/zameczeklagow.pl\/index.php\/wp-json\/wp\/v2\/media?parent=202"}],"curies":[{"name":"wp","href":"https:\/\/api.w.org\/{rel}","templated":true}]}}