{"id":48,"date":"2017-12-28T19:48:53","date_gmt":"2017-12-28T18:48:53","guid":{"rendered":"http:\/\/ania.bits4u.pl\/?page_id=48"},"modified":"2022-10-27T23:00:25","modified_gmt":"2022-10-27T21:00:25","slug":"osrodek-pokoje-dwuosobowe-trzyosobowe-czteroosobowe","status":"publish","type":"page","link":"https:\/\/zameczeklagow.pl\/index.php\/osrodek-pokoje-dwuosobowe-trzyosobowe-czteroosobowe\/","title":{"rendered":"O\u015brodek"},"content":{"rendered":"<div id=\"pl-48\"  class=\"panel-layout\" ><div id=\"pg-48-0\"  class=\"panel-grid panel-no-style\" ><div id=\"pgc-48-0-0\"  class=\"panel-grid-cell\" ><div id=\"panel-48-0-0-0\" class=\"so-panel widget widget_text panel-first-child\" data-index=\"0\" >\t\t\t<div class=\"textwidget\"><h1>Noclegi<\/h1>\n<\/div>\n\t\t<\/div><div id=\"panel-48-0-0-1\" class=\"so-panel widget widget_text\" data-index=\"1\" >\t\t\t<div class=\"textwidget\"><p><span style=\"display: inline !important; float: none; background-color: transparent; color: #333333; cursor: text; font-family: Georgia,'Times New Roman','Bitstream Charter',Times,serif; font-size: 16px; font-style: normal; font-variant: normal; font-weight: 400; letter-spacing: normal; orphans: 2; text-align: left; text-decoration: none; text-indent: 0px; text-transform: none; -webkit-text-stroke-width: 0px; white-space: normal; word-spacing: 0px;\">O\u015brodek sk\u0142ada si\u0119 z bazy noclegowej umiejscowionej bezpo\u015brednio w\u00a0<\/span><span style=\"display: inline !important; float: none; background-color: transparent; color: #333333; cursor: text; font-family: Georgia,'Times New Roman','Bitstream Charter',Times,serif; font-size: 16px; font-style: normal; font-variant: normal; font-weight: 400; letter-spacing: normal; orphans: 2; text-align: left; text-decoration: none; text-indent: 0px; text-transform: none; -webkit-text-stroke-width: 0px; white-space: normal; word-spacing: 0px;\">Zameczku oraz w 2 osobnych budynkach w pobli\u017cu (Ideal A i Ideal B) w kt\u00f3rych znajduj\u0105 si\u0119 pokoje dwuosobowe, pokoje\u00a0 trzyosobowe i pokoje\u00a0 czteroosobowe.<\/span><\/p>\n<\/div>\n\t\t<\/div><div id=\"panel-48-0-0-2\" class=\"so-panel widget widget_sow-editor panel-last-child\" data-index=\"2\" ><div\n\t\t\t\n\t\t\tclass=\"so-widget-sow-editor so-widget-sow-editor-base\"\n\t\t\t\n\t\t>\n<div class=\"siteorigin-widget-tinymce textwidget\">\n\t<div>\n<div class=\"nh_extra\">\n<div id=\"gwpcf1da4c7\">\n<div id=\"gwpcf1da4c7h\">\n<div class=\"gwpcf1da4c7b\" data-message-body=\"true\">\n<div class=\"gwpcf1da4c7_gmail_extra\">\n<div class=\"gwpcf1da4c7_gmail_quote\">\n<div class=\"gwpcf1da4c7_HOEnZb\">\n<div class=\"gwpcf1da4c7_h5\">\n<div class=\"gwpcf1da4c7_gmail_extra\">\n<div class=\"gwpcf1da4c7_gmail_quote\">\n<div dir=\"ltr\">\n<div><\/div>\n<\/div>\n<div>\n<div>\n<div class=\"nh_extra\">\n<div id=\"gwpcf1da4c7\">\n<div id=\"gwpcf1da4c7h\">\n<div class=\"gwpcf1da4c7b\" data-message-body=\"true\">\n<div class=\"gwpcf1da4c7_gmail_extra\">\n<div class=\"gwpcf1da4c7_gmail_quote\">\n<div class=\"gwpcf1da4c7_HOEnZb\">\n<div class=\"gwpcf1da4c7_h5\">\n<div class=\"gwpcf1da4c7_gmail_extra\">\n<div class=\"gwpcf1da4c7_gmail_quote\">\n<div dir=\"ltr\">\n<div><strong>ZAMECZEK\u00a0<\/strong>posiada:<\/div>\n<ul>\n<li>2 pokoje dwuosobowe z og\u00f3lnodost\u0119pnym w\u0119z\u0142em sanitarnym,<\/li>\n<li>1 pok\u00f3j trzyosobowy z og\u00f3lnodost\u0119pnym w\u0119z\u0142em sanitarnym,<\/li>\n<li>3 pokoje czteroosobowe z w\u0142asnym w\u0119z\u0142em sanitarnym,<\/li>\n<li>2 pokoje dwuosobowe z w\u0142asnym w\u0119z\u0142em sanitarnym,<\/li>\n<li>1 pok\u00f3j czteroosobowy z og\u00f3lnodost\u0119pnym w\u0119z\u0142em sanitarnym.<\/li>\n<\/ul>\n<\/div>\n<\/div>\n<\/div>\n<\/div>\n<\/div>\n<\/div>\n<\/div>\n<\/div>\n<\/div>\n<\/div>\n<\/div>\n<\/div>\n<\/div>\n<div dir=\"ltr\">\n<div><\/div>\n<div>\n<div>\n<div class=\"nh_extra\">\n<div id=\"gwpcf1da4c7\">\n<div id=\"gwpcf1da4c7h\">\n<div class=\"gwpcf1da4c7b\" data-message-body=\"true\">\n<div class=\"gwpcf1da4c7_gmail_extra\">\n<div class=\"gwpcf1da4c7_gmail_quote\">\n<div class=\"gwpcf1da4c7_HOEnZb\">\n<div class=\"gwpcf1da4c7_h5\">\n<div class=\"gwpcf1da4c7_gmail_extra\">\n<div class=\"gwpcf1da4c7_gmail_quote\">\n<div dir=\"ltr\">\n<div><strong>IDEAL\u00a0 A\u00a0<\/strong>posiada:<\/div>\n<ul>\n<li>4 pokoje trzyosobowe,<\/li>\n<li>3 pokoje dwuosobowe.<\/li>\n<\/ul>\n<div>Pe\u0142ny w\u0119ze\u0142 sanitarny w tym budynku jest wsp\u00f3lny dla wszystkich, osobno dla kobiet i m\u0119\u017cczyzn.<\/div>\n<div><\/div>\n<\/div>\n<\/div>\n<\/div>\n<div><\/div>\n<div class=\"gwpcf1da4c7_gmail_extra\">\n<div class=\"gwpcf1da4c7_gmail_quote\">\n<div dir=\"ltr\">\n<div><strong>IDEAL\u00a0 B\u00a0<\/strong>posiada:<\/div>\n<ul>\n<li>4 pokoje trzyosobowe,<\/li>\n<li>7 pokoi dwuosobowych.<\/li>\n<\/ul>\n<div>Pe\u0142ny w\u0119ze\u0142 sanitarny w tym budynku jest wsp\u00f3lny dla wszystkich, osobno dla kobiet i m\u0119\u017cczyzn.<\/div>\n<\/div>\n<\/div>\n<\/div>\n<\/div>\n<\/div>\n<\/div>\n<\/div>\n<\/div>\n<\/div>\n<\/div>\n<\/div>\n<\/div>\n<\/div>\n<\/div>\n<\/div>\n<\/div>\n<\/div>\n<\/div>\n<\/div>\n<\/div>\n<\/div>\n<\/div>\n<\/div>\n<\/div>\n<\/div>\n<\/div>\n<\/div><\/div><\/div><div id=\"pgc-48-0-1\"  class=\"panel-grid-cell\" ><div id=\"panel-48-0-1-0\" class=\"so-panel widget widget_media_image panel-first-child\" data-index=\"3\" ><img loading=\"lazy\" decoding=\"async\" width=\"7008\" height=\"4672\" src=\"https:\/\/zameczeklagow.pl\/wp-content\/uploads\/2022\/10\/DSC02703.jpg\" class=\"image wp-image-828  attachment-full size-full\" alt=\"\" style=\"max-width: 100%; height: auto;\" srcset=\"https:\/\/zameczeklagow.pl\/wp-content\/uploads\/2022\/10\/DSC02703.jpg 7008w, https:\/\/zameczeklagow.pl\/wp-content\/uploads\/2022\/10\/DSC02703-300x200.jpg 300w, https:\/\/zameczeklagow.pl\/wp-content\/uploads\/2022\/10\/DSC02703-768x512.jpg 768w, https:\/\/zameczeklagow.pl\/wp-content\/uploads\/2022\/10\/DSC02703-1024x683.jpg 1024w, https:\/\/zameczeklagow.pl\/wp-content\/uploads\/2022\/10\/DSC02703-390x260.jpg 390w, https:\/\/zameczeklagow.pl\/wp-content\/uploads\/2022\/10\/DSC02703-520x347.jpg 520w, https:\/\/zameczeklagow.pl\/wp-content\/uploads\/2022\/10\/DSC02703-740x493.jpg 740w, https:\/\/zameczeklagow.pl\/wp-content\/uploads\/2022\/10\/DSC02703-272x182.jpg 272w\" sizes=\"auto, (max-width: 7008px) 100vw, 7008px\" \/><\/div><div id=\"panel-48-0-1-1\" class=\"so-panel widget widget_media_image\" data-index=\"4\" ><img loading=\"lazy\" decoding=\"async\" width=\"300\" height=\"200\" src=\"https:\/\/zameczeklagow.pl\/wp-content\/uploads\/2022\/10\/DSC03281-300x200.jpg\" class=\"image wp-image-848  attachment-medium size-medium\" alt=\"\" style=\"max-width: 100%; height: auto;\" srcset=\"https:\/\/zameczeklagow.pl\/wp-content\/uploads\/2022\/10\/DSC03281-300x200.jpg 300w, https:\/\/zameczeklagow.pl\/wp-content\/uploads\/2022\/10\/DSC03281-768x512.jpg 768w, https:\/\/zameczeklagow.pl\/wp-content\/uploads\/2022\/10\/DSC03281-1024x683.jpg 1024w, https:\/\/zameczeklagow.pl\/wp-content\/uploads\/2022\/10\/DSC03281-390x260.jpg 390w, https:\/\/zameczeklagow.pl\/wp-content\/uploads\/2022\/10\/DSC03281-520x347.jpg 520w, https:\/\/zameczeklagow.pl\/wp-content\/uploads\/2022\/10\/DSC03281-740x493.jpg 740w, https:\/\/zameczeklagow.pl\/wp-content\/uploads\/2022\/10\/DSC03281-272x182.jpg 272w\" sizes=\"auto, (max-width: 300px) 100vw, 300px\" \/><\/div><div id=\"panel-48-0-1-2\" class=\"so-panel widget widget_media_image\" data-index=\"5\" ><img loading=\"lazy\" decoding=\"async\" width=\"300\" height=\"200\" src=\"https:\/\/zameczeklagow.pl\/wp-content\/uploads\/2018\/05\/DSC_0616-300x200.jpg\" class=\"image wp-image-470  attachment-medium size-medium\" alt=\"\" style=\"max-width: 100%; height: auto;\" srcset=\"https:\/\/zameczeklagow.pl\/wp-content\/uploads\/2018\/05\/DSC_0616-300x200.jpg 300w, https:\/\/zameczeklagow.pl\/wp-content\/uploads\/2018\/05\/DSC_0616-768x512.jpg 768w, https:\/\/zameczeklagow.pl\/wp-content\/uploads\/2018\/05\/DSC_0616-1024x683.jpg 1024w, https:\/\/zameczeklagow.pl\/wp-content\/uploads\/2018\/05\/DSC_0616-390x260.jpg 390w, https:\/\/zameczeklagow.pl\/wp-content\/uploads\/2018\/05\/DSC_0616-520x347.jpg 520w, https:\/\/zameczeklagow.pl\/wp-content\/uploads\/2018\/05\/DSC_0616-740x493.jpg 740w, https:\/\/zameczeklagow.pl\/wp-content\/uploads\/2018\/05\/DSC_0616-272x182.jpg 272w\" sizes=\"auto, (max-width: 300px) 100vw, 300px\" \/><\/div><div id=\"panel-48-0-1-3\" class=\"so-panel widget widget_sow-button panel-last-child\" data-index=\"6\" ><div\n\t\t\t\n\t\t\tclass=\"so-widget-sow-button so-widget-sow-button-flat-7d03b5fd2090-48\"\n\t\t\t\n\t\t><div class=\"ow-button-base ow-button-align-center\"\n>\n\t\t\t<a\n\t\t\t\t\thref=\"http:\/\/ania.bits4u.pl\/index.php\/galeria\/\"\n\t\t\t\t\tclass=\"sowb-button ow-icon-placement-left ow-button-hover\" \t>\n\t\t<span>\n\t\t\t\n\t\t\tZOBACZ GALERI\u0118\t\t<\/span>\n\t\t\t<\/a>\n\t<\/div>\n<\/div><\/div><\/div><\/div><\/div>","protected":false},"excerpt":{"rendered":"<p>Noclegi O\u015brodek sk\u0142ada si\u0119 z bazy noclegowej umiejscowionej bezpo\u015brednio w\u00a0Zameczku oraz w 2 osobnych budynkach w pobli\u017cu (Ideal A i Ideal B) w kt\u00f3rych znajduj\u0105 si\u0119 pokoje dwuosobowe, pokoje\u00a0 trzyosobowe i pokoje\u00a0 czteroosobowe. ZAMECZEK\u00a0posiada: 2<a class=\"read-more\" href=\"https:\/\/zameczeklagow.pl\/index.php\/osrodek-pokoje-dwuosobowe-trzyosobowe-czteroosobowe\/\">Continue reading<\/a><\/p>\n","protected":false},"author":2,"featured_media":0,"parent":0,"menu_order":0,"comment_status":"closed","ping_status":"closed","template":"page-templates\/page_fullwidth.php","meta":{"footnotes":""},"class_list":["post-48","page","type-page","status-publish","hentry"],"_links":{"self":[{"href":"https:\/\/zameczeklagow.pl\/index.php\/wp-json\/wp\/v2\/pages\/48","targetHints":{"allow":["GET"]}}],"collection":[{"href":"https:\/\/zameczeklagow.pl\/index.php\/wp-json\/wp\/v2\/pages"}],"about":[{"href":"https:\/\/zameczeklagow.pl\/index.php\/wp-json\/wp\/v2\/types\/page"}],"author":[{"embeddable":true,"href":"https:\/\/zameczeklagow.pl\/index.php\/wp-json\/wp\/v2\/users\/2"}],"replies":[{"embeddable":true,"href":"https:\/\/zameczeklagow.pl\/index.php\/wp-json\/wp\/v2\/comments?post=48"}],"version-history":[{"count":43,"href":"https:\/\/zameczeklagow.pl\/index.php\/wp-json\/wp\/v2\/pages\/48\/revisions"}],"predecessor-version":[{"id":875,"href":"https:\/\/zameczeklagow.pl\/index.php\/wp-json\/wp\/v2\/pages\/48\/revisions\/875"}],"wp:attachment":[{"href":"https:\/\/zameczeklagow.pl\/index.php\/wp-json\/wp\/v2\/media?parent=48"}],"curies":[{"name":"wp","href":"https:\/\/api.w.org\/{rel}","templated":true}]}}